{"id":25,"date":"2017-07-03T15:14:25","date_gmt":"2017-07-03T13:14:25","guid":{"rendered":"http:\/\/192.168.137.128\/?page_id=25"},"modified":"2025-03-17T13:59:57","modified_gmt":"2025-03-17T12:59:57","slug":"dienstleistungen","status":"publish","type":"page","link":"https:\/\/www.astron.co.at\/index.php\/dienstleistungen\/","title":{"rendered":"Dienstleistungen"},"content":{"rendered":"\n<h5 class=\"wp-block-heading\"><span style=\"color: #000000;\">Typische Auftr\u00e4ge sind<\/span><\/h5>\n\n\n\n<ul class=\"wp-block-list\">\n<li><span style=\"color: #000000;\">Winzig &#8211; Serien<\/span><\/li>\n\n\n\n<li><span style=\"color: #000000;\">Einzelst\u00fccke<\/span><\/li>\n\n\n\n<li><span style=\"color: #000000;\">Kleinserien f\u00fcr Maschinen. und Anlagenbau<\/span><\/li>\n\n\n\n<li><span style=\"color: #000000;\">Funktionsmuster f\u00fcr den Entwickler<\/span><\/li>\n\n\n\n<li><span style=\"color: #000000;\">Prototypen f\u00fcr Normenpr\u00fcfungen<\/span><\/li>\n\n\n\n<li><span style=\"color: #000000;\">Demoboards f\u00fcr Produkt und Technologie Pr\u00e4sentationen<\/span><\/li>\n<\/ul>\n\n\n\n<figure class=\"wp-block-image\"><img loading=\"lazy\" decoding=\"async\" width=\"300\" height=\"247\" src=\"https:\/\/www.astron.co.at\/wp-content\/uploads\/2017\/07\/DSC0226-2-300x247.jpg\" alt=\"\" class=\"wp-image-572\" srcset=\"https:\/\/www.astron.co.at\/wp-content\/uploads\/2017\/07\/DSC0226-2-300x247.jpg 300w, https:\/\/www.astron.co.at\/wp-content\/uploads\/2017\/07\/DSC0226-2-768x633.jpg 768w, https:\/\/www.astron.co.at\/wp-content\/uploads\/2017\/07\/DSC0226-2-1024x844.jpg 1024w\" sizes=\"auto, (max-width: 300px) 100vw, 300px\" \/><\/figure>\n\n\n\n<h5 class=\"wp-block-heading\"><span style=\"color: #000000;\">Daf\u00fcr lieben uns die Kunden<\/span><\/h5>\n\n\n\n<ul class=\"wp-block-list\">\n<li><span style=\"text-align: center; color: #000000;\">Einzelst\u00fccke und Winzig &#8211; Serien<\/span><\/li>\n\n\n\n<li><span style=\"text-align: center; color: #000000;\">Jede Anfrage wird innerhalb von 24 Stunden beantwortet<\/span><\/li>\n\n\n\n<li><span style=\"text-align: center; color: #000000;\">Kurze Lieferzeiten (ab drei Arbeitstagen)<\/span><\/li>\n\n\n\n<li><span style=\"text-align: center; color: #000000;\">Ein Ansprechpartner begleitet Sie von der Anfrage bis zur Auslieferung<\/span><\/li>\n\n\n\n<li><span style=\"text-align: center; color: #000000;\">Maschinelle Best\u00fcckung ab einem St\u00fcck<\/span><\/li>\n\n\n\n<li><span style=\"text-align: center; color: #000000;\">Perfektion<\/span><\/li>\n<\/ul>\n\n\n\n<figure class=\"wp-block-image\"><img loading=\"lazy\" decoding=\"async\" width=\"300\" height=\"139\" src=\"https:\/\/www.astron.co.at\/wp-content\/uploads\/2017\/07\/DSC0229-2-300x139.jpg\" alt=\"\" class=\"wp-image-573\" srcset=\"https:\/\/www.astron.co.at\/wp-content\/uploads\/2017\/07\/DSC0229-2-300x139.jpg 300w, https:\/\/www.astron.co.at\/wp-content\/uploads\/2017\/07\/DSC0229-2-768x355.jpg 768w, https:\/\/www.astron.co.at\/wp-content\/uploads\/2017\/07\/DSC0229-2-1024x473.jpg 1024w\" sizes=\"auto, (max-width: 300px) 100vw, 300px\" \/><\/figure>\n\n\n\n<h5 class=\"wp-block-heading\"><span style=\"color: #000000;\">Diese Technologien machen das m\u00f6glich<\/span><\/h5>\n\n\n\n<ul class=\"wp-block-list\">\n<li><span style=\"color: #000000;\">SMT, THT und Mischtechnologie<\/span><\/li>\n\n\n\n<li><span style=\"color: #000000;\">Einseitig, zweiseitig und 3D best\u00fcckte Leiterplatten<\/span><\/li>\n\n\n\n<li><span style=\"color: #000000;\">Mitarbeiter werden durch zertifizierte In- House IPC Trainer ausgebildet<\/span><\/li>\n\n\n\n<li><span style=\"color: #000000;\">Flexible Best\u00fcckungsautomaten ohne Einschr\u00e4nkungen der Gr\u00f6\u00dfe und Technologie der Leiterplatte<\/span><\/li>\n\n\n\n<li><span style=\"color: #000000;\">Bauteile ab Gr\u00f6\u00dfe <\/span>01005<\/li>\n\n\n\n<li><span style=\"color: #000000;\">Dampfphasenl\u00f6tanlage mit Vakuum Modul zur Reduzierung von Voids<br><\/span><\/li>\n\n\n\n<li><span style=\"color: #000000;\">&#8222;CAD Converter&#8220; zur \u00dcbernahme beliebiger Pick&amp; Place Daten<\/span><\/li>\n\n\n\n<li><span style=\"color: #000000;\">\u00b5BGA, BGA, QFN und CSP Best\u00fcckung bis 0,1mm Pitch<\/span><\/li>\n\n\n\n<li><span style=\"color: #000000;\">Funktionstests, optische Inspektion, Reparaturen und Umbauten<\/span><\/li>\n\n\n\n<li><span style=\"color: #000000;\">Sonstige Erg\u00e4nzungen der Baugruppe bis zum verkaufsfertigen Produkt<\/span><\/li>\n<\/ul>\n\n\n\n<figure class=\"wp-block-image\"><img loading=\"lazy\" decoding=\"async\" width=\"279\" height=\"300\" src=\"https:\/\/www.astron.co.at\/wp-content\/uploads\/2017\/07\/DSC0254-2-279x300.jpg\" alt=\"\" class=\"wp-image-576\" srcset=\"https:\/\/www.astron.co.at\/wp-content\/uploads\/2017\/07\/DSC0254-2-279x300.jpg 279w, https:\/\/www.astron.co.at\/wp-content\/uploads\/2017\/07\/DSC0254-2-768x825.jpg 768w, https:\/\/www.astron.co.at\/wp-content\/uploads\/2017\/07\/DSC0254-2-953x1024.jpg 953w\" sizes=\"auto, (max-width: 279px) 100vw, 279px\" \/><\/figure>\n\n\n\n<p class=\"has-text-align-left\"><span style=\"color: #000000; font-size: 18pt;\">Leiterplattenbest\u00fcckung<\/span><\/p>\n\n\n\n<p class=\"has-text-align-left\">Ein Best\u00fcckungsautomat ist immer f\u00fcr Prototypen bzw. Eilfertigung reserviert.<\/p>\n\n\n\n<div class=\"sp-wrap sp-wrap-default\">\n<div class=\"sp-head\" title=\"Erweitern\">\nDienstleistungen\n<\/div>\n<div class=\"sp-body folded\">\n<\/p>\n<ul>\n<li>Erstellen der Fertigungsunterlagen<\/li>\n<li>Materialbeschaffung<\/li>\n<li>Automatische und manuelle Best\u00fcckung<\/li>\n<li>L\u00f6ten im Dampfphasenl\u00f6tanlage<\/li>\n<li>Funktionstest<\/li>\n<li>Verpackung und Lieferung<\/li>\n<\/ul>\n<p>\n<\/div>\n<\/div>\n\n\n\n\n<div class=\"sp-wrap sp-wrap-default\">\n<div class=\"sp-head\" title=\"Erweitern\">\nBesonderheiten\n<\/div>\n<div class=\"sp-body folded\">\n<\/p>\n<ul>\n<li>Trainer f\u00fcr IPC J-STD-001, IPC-A-610 und IPC 7711\/7721<\/li>\n<li>\u201eState of the Art\u201c Baugruppen<\/li>\n<li>Dampfphasenl\u00f6tanlage mit Vakuummodul<\/li>\n<li>BGA-Best\u00fcckung<\/li>\n<li>Best\u00fcckung von starr-flexiblen, flexiblen, Keramik und IMS-Leiterplatten<\/li>\n<\/ul>\n<p>\n<\/div>\n<\/div>\n\n\n\n\n<div class=\"sp-wrap sp-wrap-default\">\n<div class=\"sp-head\" title=\"Erweitern\">\nZus\u00e4tzliche Erfahrungen, von denen Sie profitieren\n<\/div>\n<div class=\"sp-body folded\">\n<\/p>\n<ul>\n<li>Eigener Testmittelbau f\u00fcr Funktionstest<\/li>\n<li>R\u00f6ntgeninspektion<\/li>\n<li>Reparaturstation zum Austausch defekter Bauteile h\u00f6herer Komplexit\u00e4t<\/li>\n<li>Programmierung von EPROMs, PROMs, FPGAs,PICs,\u2026.<\/li>\n<li>Montage von K\u00fchlk\u00f6rpern und Geh\u00e4usen<\/li>\n<li>Oberfl\u00e4chenbeschichtung, wie Lackieren und Vergie\u00dfen<\/li>\n<li>ESD-gerechte Verpackung<\/li>\n<li>Weltweiter Versand<\/li>\n<\/ul>\n<p>\n<\/div>\n<\/div>\n\n","protected":false},"excerpt":{"rendered":"<p>Typische Auftr\u00e4ge sind Daf\u00fcr lieben uns die Kunden Diese Technologien machen das m\u00f6glich Leiterplattenbest\u00fcckung Ein Best\u00fcckungsautomat ist immer f\u00fcr Prototypen bzw. Eilfertigung reserviert.<\/p>\n","protected":false},"author":1,"featured_media":0,"parent":0,"menu_order":0,"comment_status":"closed","ping_status":"closed","template":"","meta":{"footnotes":""},"class_list":["post-25","page","type-page","status-publish","hentry"],"_links":{"self":[{"href":"https:\/\/www.astron.co.at\/index.php\/wp-json\/wp\/v2\/pages\/25","targetHints":{"allow":["GET"]}}],"collection":[{"href":"https:\/\/www.astron.co.at\/index.php\/wp-json\/wp\/v2\/pages"}],"about":[{"href":"https:\/\/www.astron.co.at\/index.php\/wp-json\/wp\/v2\/types\/page"}],"author":[{"embeddable":true,"href":"https:\/\/www.astron.co.at\/index.php\/wp-json\/wp\/v2\/users\/1"}],"replies":[{"embeddable":true,"href":"https:\/\/www.astron.co.at\/index.php\/wp-json\/wp\/v2\/comments?post=25"}],"version-history":[{"count":65,"href":"https:\/\/www.astron.co.at\/index.php\/wp-json\/wp\/v2\/pages\/25\/revisions"}],"predecessor-version":[{"id":1003,"href":"https:\/\/www.astron.co.at\/index.php\/wp-json\/wp\/v2\/pages\/25\/revisions\/1003"}],"wp:attachment":[{"href":"https:\/\/www.astron.co.at\/index.php\/wp-json\/wp\/v2\/media?parent=25"}],"curies":[{"name":"wp","href":"https:\/\/api.w.org\/{rel}","templated":true}]}}