{"id":23,"date":"2017-07-03T15:14:14","date_gmt":"2017-07-03T13:14:14","guid":{"rendered":"http:\/\/192.168.137.128\/?page_id=23"},"modified":"2024-08-08T15:03:39","modified_gmt":"2024-08-08T13:03:39","slug":"zertifikate-auszeichnungen-mitgliedschaften","status":"publish","type":"page","link":"https:\/\/www.astron.co.at\/index.php\/zertifikate-auszeichnungen-mitgliedschaften\/","title":{"rendered":"Zertifikate, Auszeichnungen, Mitgliedschaften"},"content":{"rendered":"\n\n\n<h2 class=\"wp-block-heading\">Zertifikate<\/h2>\n\n\n\n<h4 class=\"wp-block-heading\">Integriertes Management System (IMS)<\/h4>\n\n\n\n<div class=\"wp-block-media-text alignwide has-media-on-the-right is-stacked-on-mobile\" style=\"grid-template-columns:auto 33%\"><div class=\"wp-block-media-text__content\">\n<p>ASTRON Electronic Gmbh lebt ein zertifiziertes Management System bestehend aus:<\/p>\n\n\n\n<p>EN ISO 9001:2015 Qualit\u00e4tsmanagementsystem<br>EN ISO 14001:2015 Umweltmanagementsystem<br>EN ISO 45001:2018 Arbeitsschutzmanagementsystem<\/p>\n<\/div><figure class=\"wp-block-media-text__media\"><img loading=\"lazy\" decoding=\"async\" width=\"1102\" height=\"556\" src=\"https:\/\/www.astron.co.at\/wp-content\/uploads\/2018\/12\/astron_talogo_qm_um_45001_18.jpg\" alt=\"\" class=\"wp-image-612 size-full\" srcset=\"https:\/\/www.astron.co.at\/wp-content\/uploads\/2018\/12\/astron_talogo_qm_um_45001_18.jpg 1102w, https:\/\/www.astron.co.at\/wp-content\/uploads\/2018\/12\/astron_talogo_qm_um_45001_18-300x151.jpg 300w, https:\/\/www.astron.co.at\/wp-content\/uploads\/2018\/12\/astron_talogo_qm_um_45001_18-768x387.jpg 768w, https:\/\/www.astron.co.at\/wp-content\/uploads\/2018\/12\/astron_talogo_qm_um_45001_18-1024x517.jpg 1024w\" sizes=\"auto, (max-width: 1102px) 100vw, 1102px\" \/><\/figure><\/div>\n\n\n\n<hr \/>\n<p><\/p>\n\n\n\n<h2 class=\"wp-block-heading\"><span style=\"color: #000000;\">Auszeichnungen<\/span><\/h2>\n\n\n\n<h4 class=\"wp-block-heading\"><span style=\"color: #000000;\">Austria&#8217;s Leading Companies<\/span><\/h4>\n\n\n\n<div class=\"wp-block-media-text alignwide has-media-on-the-right is-stacked-on-mobile\" style=\"grid-template-columns:auto 33%\"><div class=\"wp-block-media-text__content\">\n<p>Der ALC Wettbewerb ist der bedeutendste Wirtschafts-Wettbewerb des Landes. Die Auszeichnung wird von der \u201ePresse\u201c gemeinsam mit dem KSV1870 und PwC \u00d6sterreich vergeben. Die Teilnehmer werden anhand von Bilanzzahlen und wirtschaftlicher Performance der j\u00fcngsten vier Gesch\u00e4ftsjahre mittels eines speziell entwickelten objektiven Kennzahlenmodells bewertet.<br>Die ASTRON Electronic GmbH erzielte folgende Ergebnisse:<br>3. Platz &#8211; 2022 \u00d6sterreich Wertung <a href=\"https:\/\/www.diepresse.com\/6239458\/leiterplattenbestueckung-von-astron\">zum &#8222;Die Presse&#8220; Artikel<\/a> und 2. Platz K\u00e4rnten Wertung <a href=\"https:\/\/www.diepresse.com\/6203848\/astron-garantiert-kurze-lieferzeiten\">zum &#8222;Die Presse&#8220; Artikel<\/a> National t\u00e4tige Unternehmen bis 10 Millionen Euro Umsatz<br>2. Platz &#8211; 2021 \u00d6sterreich Wertung <a href=\"https:\/\/www.diepresse.com\/6146221\/blendende-auftragslage-fuer-astron\">zum &#8222;Die Presse&#8220; Artikel<\/a> und 1. Platz K\u00e4rnten Wertung <a href=\"https:\/\/www.diepresse.com\/6114626\/wirtschaftliches-hoch-fuer-astron-electronic\">zum &#8222;Die Presse&#8220; Artikel<\/a> National t\u00e4tige Unternehmen bis 10 Millionen Euro Umsatz<br>3. Platz &#8211; 2019 K\u00e4rnten Wertung National t\u00e4tige Unternehmen bis 10 Millionen Euro Umsatz <a href=\"https:\/\/www.diepresse.com\/5714923\/astron-electronic-mit-neuen-zertifikaten\">zum &#8222;Die Presse&#8220; Artikel<\/a><br>2. Platz &#8211; 2018 K\u00e4rnten Wertung National t\u00e4tige Unternehmen bis 10 Millionen Euro Umsatz<br>3. Platz &#8211; 2017 K\u00e4rnten Wertung National t\u00e4tige Unternehmen<br>1. Platz &#8211; 2016 \u00d6sterreich Wertung und K\u00e4rnten Kleinbetriebe<br>1. Platz &#8211;&nbsp;2015 &nbsp;K\u00e4rnten Wertung Kleinbetriebe<\/p>\n<\/div><figure class=\"wp-block-media-text__media\"><img loading=\"lazy\" decoding=\"async\" width=\"1024\" height=\"1024\" src=\"https:\/\/www.astron.co.at\/wp-content\/uploads\/2023\/06\/ALC21_Siegel-blau_Nat-bis-10Mio-1_RZWeb-1024x1024.png\" alt=\"\" class=\"wp-image-922 size-full\" srcset=\"https:\/\/www.astron.co.at\/wp-content\/uploads\/2023\/06\/ALC21_Siegel-blau_Nat-bis-10Mio-1_RZWeb-1024x1024.png 1024w, https:\/\/www.astron.co.at\/wp-content\/uploads\/2023\/06\/ALC21_Siegel-blau_Nat-bis-10Mio-1_RZWeb-300x300.png 300w, https:\/\/www.astron.co.at\/wp-content\/uploads\/2023\/06\/ALC21_Siegel-blau_Nat-bis-10Mio-1_RZWeb-150x150.png 150w, https:\/\/www.astron.co.at\/wp-content\/uploads\/2023\/06\/ALC21_Siegel-blau_Nat-bis-10Mio-1_RZWeb-768x768.png 768w, https:\/\/www.astron.co.at\/wp-content\/uploads\/2023\/06\/ALC21_Siegel-blau_Nat-bis-10Mio-1_RZWeb.png 1163w\" sizes=\"auto, (max-width: 1024px) 100vw, 1024px\" \/><\/figure><\/div>\n\n\n\n<hr class=\"wp-block-separator has-alpha-channel-opacity\"\/>\n\n\n\n<h4 class=\"wp-block-heading\"><span style=\"color: #000000;\">berufundfamilie<\/span><\/h4>\n\n\n\n<div class=\"wp-block-media-text alignwide has-media-on-the-right is-stacked-on-mobile\" style=\"grid-template-columns:auto 33%\"><div class=\"wp-block-media-text__content\">\n<p>Wir sind aktuell als familienfreundlicher Arbeitgeber zertifiziert.<\/p>\n\n\n\n<p><span style=\"color: #000000;\">Auch in der Vergangenheit wurden wir als familienfreundlich beurteilt und erzielten folgende Ergebnisse:<\/span><br \/>1. Platz &#8211; 2003 Frauen- und Familienfreundlichster Betrieb K\u00e4rntens in der Kategorie &#8222;Mittelbetriebe&#8220;.<br \/>1. Platz &#8211; 2007 Frauen- und Familienfreundlichster Betrieb K\u00e4rntens in der Kategorie &#8222;Mittelunternehmen&#8220;.<br \/>3. Platz &#8211; 2011\u00a0Frauen- und Familienfreundlichster Betrieb K\u00e4rntens in der Kategorie &#8222;Mittelbetriebe&#8220;.<br \/>Nominierung f\u00fcr den Staatspreis 2012<\/p>\n<\/div><figure class=\"wp-block-media-text__media\"><img loading=\"lazy\" decoding=\"async\" width=\"1024\" height=\"1022\" src=\"https:\/\/www.astron.co.at\/wp-content\/uploads\/2024\/08\/Guetezeichen_Familienfreundlicher-Arbeitgeber_neu2024-1024x1022.jpg\" alt=\"\" class=\"wp-image-996 size-full\" srcset=\"https:\/\/www.astron.co.at\/wp-content\/uploads\/2024\/08\/Guetezeichen_Familienfreundlicher-Arbeitgeber_neu2024-1024x1022.jpg 1024w, https:\/\/www.astron.co.at\/wp-content\/uploads\/2024\/08\/Guetezeichen_Familienfreundlicher-Arbeitgeber_neu2024-300x300.jpg 300w, https:\/\/www.astron.co.at\/wp-content\/uploads\/2024\/08\/Guetezeichen_Familienfreundlicher-Arbeitgeber_neu2024-150x150.jpg 150w, https:\/\/www.astron.co.at\/wp-content\/uploads\/2024\/08\/Guetezeichen_Familienfreundlicher-Arbeitgeber_neu2024-768x766.jpg 768w, https:\/\/www.astron.co.at\/wp-content\/uploads\/2024\/08\/Guetezeichen_Familienfreundlicher-Arbeitgeber_neu2024-1536x1533.jpg 1536w, https:\/\/www.astron.co.at\/wp-content\/uploads\/2024\/08\/Guetezeichen_Familienfreundlicher-Arbeitgeber_neu2024.jpg 1762w\" sizes=\"auto, (max-width: 1024px) 100vw, 1024px\" \/><\/figure><\/div>\n\n\n\n<p><span style=\"color: #000000;\"><\/span><\/p>\n","protected":false},"excerpt":{"rendered":"<p>Zertifikate Integriertes Management System (IMS) ASTRON Electronic Gmbh lebt ein zertifiziertes Management System bestehend aus: EN ISO 9001:2015 Qualit\u00e4tsmanagementsystemEN ISO 14001:2015 UmweltmanagementsystemEN ISO 45001:2018 Arbeitsschutzmanagementsystem Auszeichnungen Austria&#8217;s Leading Companies Der ALC Wettbewerb ist der bedeutendste Wirtschafts-Wettbewerb des Landes. Die Auszeichnung wird von der \u201ePresse\u201c gemeinsam mit dem KSV1870 und PwC [&hellip;]<\/p>\n","protected":false},"author":1,"featured_media":0,"parent":0,"menu_order":0,"comment_status":"closed","ping_status":"closed","template":"","meta":{"footnotes":""},"class_list":["post-23","page","type-page","status-publish","hentry"],"_links":{"self":[{"href":"https:\/\/www.astron.co.at\/index.php\/wp-json\/wp\/v2\/pages\/23","targetHints":{"allow":["GET"]}}],"collection":[{"href":"https:\/\/www.astron.co.at\/index.php\/wp-json\/wp\/v2\/pages"}],"about":[{"href":"https:\/\/www.astron.co.at\/index.php\/wp-json\/wp\/v2\/types\/page"}],"author":[{"embeddable":true,"href":"https:\/\/www.astron.co.at\/index.php\/wp-json\/wp\/v2\/users\/1"}],"replies":[{"embeddable":true,"href":"https:\/\/www.astron.co.at\/index.php\/wp-json\/wp\/v2\/comments?post=23"}],"version-history":[{"count":61,"href":"https:\/\/www.astron.co.at\/index.php\/wp-json\/wp\/v2\/pages\/23\/revisions"}],"predecessor-version":[{"id":998,"href":"https:\/\/www.astron.co.at\/index.php\/wp-json\/wp\/v2\/pages\/23\/revisions\/998"}],"wp:attachment":[{"href":"https:\/\/www.astron.co.at\/index.php\/wp-json\/wp\/v2\/media?parent=23"}],"curies":[{"name":"wp","href":"https:\/\/api.w.org\/{rel}","templated":true}]}}